{"id":2,"date":"2011-09-06T22:23:32","date_gmt":"2011-09-06T22:23:32","guid":{"rendered":"http:\/\/www.mrc-longwy.fr\/?page_id=2"},"modified":"2018-10-25T10:36:04","modified_gmt":"2018-10-25T08:36:04","slug":"page-d-exemple","status":"publish","type":"page","link":"https:\/\/www.mrc-longwy.fr\/?page_id=2","title":{"rendered":"Le Club"},"content":{"rendered":"<p>Le MRC LONGWY est un club de mod\u00e9lisme de voitures radiocommand\u00e9es. Il est sp\u00e9cialis\u00e9 dans la cat\u00e9gorie des voitures de Piste \u00e0 l\u2019\u00e9chelle 1\/10 \u00e0 propulsion \u00e9lectrique.<\/p>\n<p>Le club a \u00e9t\u00e9 cr\u00e9\u00e9 en 1999 et organisait \u00e0 ses d\u00e9buts des courses sur les parkings de la r\u00e9gion de Longwy. Avec les ann\u00e9es et beaucoup d\u2019investissement et de travail de la part de ses b\u00e9n\u00e9voles, le club s\u2019est agrandi et a commenc\u00e9 \u00e0 organiser des manifestations de plus en plus importantes.<\/p>\n<p>Le club est affili\u00e9 \u00e0 la F\u00e9d\u00e9ration Fran\u00e7aise de Voitures Radiocommand\u00e9es (FVRC) et compte une vingtaine de membres. Gr\u00e2ce \u00e0 l\u2019appui de la ville et de son service des Sports, le MRC a r\u00e9ussi \u00e0 organiser de grandes et belles manifestations comme plusieurs manches du championnat de France et la seule course internationale en France, le Grand Prix des 3 Fronti\u00e8res, qui r\u00e9unit les meilleurs pilotes europ\u00e9ens une fois par an depuis 2004. Gr\u00e2ce \u00e0 son s\u00e9rieux et \u00e0 sa mentalit\u00e9, le MRC est reconnu sur le plan national comme l\u2019un des clubs les plus actifs et l\u2019un des plus dynamique et professionnel. En effet depuis quelques ann\u00e9es les pilotes du MRC font partis des meilleurs de France. On compte aujourd\u2019hui, parmi les membres, de nombreux champions qui ont gagn\u00e9, depuis plusieurs saisons, des titres de champion de France et sont mont\u00e9s sur \u00a0beaucoup de podiums.<\/p>\n<p>Mais le MRC, n\u2019est pas qu\u2019un club de \u00ab pro\u00a0\u00bb, c\u2019est aussi un club o\u00f9 les jeunes pilotes et les d\u00e9butants sont les bienvenus et sont accueillis dans les meilleures conditions possible pour d\u00e9buter en comp\u00e9tition comme en loisir.<\/p>\n<p>Le mod\u00e9lisme est un sport m\u00e9canique \u00e0 part enti\u00e8re et regroupe plusieurs qualit\u00e9s comme le pilotage \u00e9videmment mais aussi la m\u00e9canique de pr\u00e9cision et la mise au point de sa voiture suivant le trac\u00e9, les conditions m\u00e9t\u00e9orologiques et diff\u00e9rents facteurs.<\/p>\n<p><strong><em><span style=\"text-decoration: underline;\">Contacts\u00a0:<\/span><\/em><\/strong><\/p>\n<p><em>Le bureau du MRC<\/em>\u00a0:<\/p>\n<p>Pr\u00e9sident\u00a0: JASMIN Michael<\/p>\n<p>Tr\u00e9sorier\u00a0: THOMASSIN K\u00e9vin<\/p>\n<p>Secr\u00e9taire: PICAUDE Mathieu<\/p>\n<p>&nbsp;<\/p>\n<p>Pour toutes questions, vous pouvez nous contacter par mail : <a href=\"mailto:michael.jasmin@wanadoo.fr\">mrclongwy@live.fr.<\/a><\/p>\n<p>&nbsp;<\/p>\n<p>&nbsp;<\/p>\n","protected":false},"excerpt":{"rendered":"<p>Le MRC LONGWY est un club de mod\u00e9lisme de voitures radiocommand\u00e9es. Il est sp\u00e9cialis\u00e9 dans la cat\u00e9gorie des voitures de Piste \u00e0 l\u2019\u00e9chelle 1\/10 \u00e0 propulsion \u00e9lectrique. Le club a \u00e9t\u00e9 cr\u00e9\u00e9 en 1999 et organisait \u00e0 ses d\u00e9buts des [&hellip;] <a class=\"more-link\" href=\"https:\/\/www.mrc-longwy.fr\/?page_id=2\">&darr; Read the rest of this entry&#8230;<\/a><\/p>\n","protected":false},"author":1,"featured_media":0,"parent":0,"menu_order":0,"comment_status":"closed","ping_status":"open","template":"","meta":{"footnotes":""},"class_list":["post-2","page","type-page","status-publish","hentry","uentry","postonpage-1","odd","post-author-admin"],"_links":{"self":[{"href":"https:\/\/www.mrc-longwy.fr\/index.php?rest_route=\/wp\/v2\/pages\/2","targetHints":{"allow":["GET"]}}],"collection":[{"href":"https:\/\/www.mrc-longwy.fr\/index.php?rest_route=\/wp\/v2\/pages"}],"about":[{"href":"https:\/\/www.mrc-longwy.fr\/index.php?rest_route=\/wp\/v2\/types\/page"}],"author":[{"embeddable":true,"href":"https:\/\/www.mrc-longwy.fr\/index.php?rest_route=\/wp\/v2\/users\/1"}],"replies":[{"embeddable":true,"href":"https:\/\/www.mrc-longwy.fr\/index.php?rest_route=%2Fwp%2Fv2%2Fcomments&post=2"}],"version-history":[{"count":6,"href":"https:\/\/www.mrc-longwy.fr\/index.php?rest_route=\/wp\/v2\/pages\/2\/revisions"}],"predecessor-version":[{"id":1408,"href":"https:\/\/www.mrc-longwy.fr\/index.php?rest_route=\/wp\/v2\/pages\/2\/revisions\/1408"}],"wp:attachment":[{"href":"https:\/\/www.mrc-longwy.fr\/index.php?rest_route=%2Fwp%2Fv2%2Fmedia&parent=2"}],"curies":[{"name":"wp","href":"https:\/\/api.w.org\/{rel}","templated":true}]}}