{"id":9,"date":"2011-09-08T21:47:52","date_gmt":"2011-09-08T21:47:52","guid":{"rendered":"http:\/\/www.mrc-longwy.fr\/?page_id=9"},"modified":"2018-10-25T10:36:04","modified_gmt":"2018-10-25T08:36:04","slug":"le-forum","status":"publish","type":"page","link":"http:\/\/www.mrc-longwy.fr\/?page_id=9","title":{"rendered":"Le Forum"},"content":{"rendered":"<div id='wpf-wrapper'><div class='wpf'>\r\n\r\n\t\t\t\t<table width='100%' class='wpf-table' id='profileHeader'>\r\n\t\t\t\t\t<tr>\r\n\t\t\t\t\t\t<th  ><h4 style='float:left;'>Bienvenue <strong>Invit\u00e9<\/strong>&nbsp;<\/h4>\r\n\t\t\t\t\t\t<a id='upshrink' style='float:right;' href='#' onclick='shrinkHeader(!current_header); return false;'>Afficher\/Cacher l'ent\u00eate<\/a>\r\n\t\t\t\t\t\t<\/th>\r\n\t\t\t\t\t<\/tr>\r\n\r\n\t\t\t\t\t<tr id='upshrinkHeader'>\r\n\t\t\t\t\t\t\r\n\t\t\t\t\t\t<td valign='top'><p>Bienvenue utilisateur invit\u00e9, publier sur ce forum requiert <a href='http:\/\/www.mrc-longwy.fr\/wp-login.php?action=register'>une inscription.<\/a><\/p><form action='http:\/\/www.mrc-longwy.fr\/wp-login.php' method='post'>\r\n\t\t\t\t<label style='font-size:100%;' for='log'>Pseudonyme:<\/label><br \/><input type='text' name='log' id='log' value='' size='20' class='wpf-input'\/><br \/>\r\n\t\t\t\t<label style='font-size:100%;' for='pwd'>Mot de passe:<\/label><br \/><input type='password' name='pwd' id='pwd' size='20' class='wpf-input'\/> \r\n\t\t\t\t<input type='submit' name='submit' value='Login' id='wpf-login-button' class='button' \/><br \/>\r\n\t\t\t\t<label style='font-size:100%;' for='rememberme'><input name='rememberme' id='rememberme' type='checkbox' checked='checked' value='forever' \/> Se rappeler de moi<\/label>\r\n\t\t\t\t\r\n\t\t\t\t<input type='hidden' name='redirect_to' value='\/index.php?rest_route=%2Fwp%2Fv2%2Fpages%2F9'\/>\r\n\t\t\t<\/form><\/td>\r\n\t\t\t\t\t<\/tr>\r\n\r\n\t\t\t\t\t<tr id='upshrinkHeader2'>\r\n\t\t\t\t\t\t<th class='wpf-bright'  align='right'>\r\n\t\t\t\t\t\t\t<div>\r\n\t\t\t\t\t\t\t\t<form name='wpf_search_form' method='post' action='http:\/\/www.mrc-longwy.fr\/?page_id=9&mingleforumaction=search'>\r\n\t\t\t\t\t\t\t\t\t<input type='text' name='search_words' class='wpf-input' \/>\r\n\t\t\t\t\t\t\t\t\t<input type='submit' id='wpf-search-submit' name='search_submit' value='Rechercher dans les forums' \/>\r\n\t\t\t\t\t\t\t\t<\/form>\r\n\t\t\t\t\t\t\t<\/div>\r\n\t\t\t\t\t\t<\/th>\r\n\t\t\t\t\t<\/tr>\r\n\t\t\t\t<\/table>\r\n\t\t\t<\/div><p id='trail' class='breadcrumbs'><a href='http:\/\/www.mrc-longwy.fr\/?page_id=9'>Forum<\/a><\/p><div class='wpf'><table width='100%' class='wpf-table forumsList'><tr><th colspan='4'><a href='http:\/\/www.mrc-longwy.fr\/?page_id=9&mingleforumaction=vforum&g=1.0'>LE CLUB<\/a><\/th><\/tr><tr class='alt even'>\r\n\t\t\t\t\t\t\t<td class='wpf-alt forumIcon' width='6%' align='center'><img alt='' src='http:\/\/www.mrc-longwy.fr\/wp-content\/mingle-forum-skins\/mfBlack\/images\/off.gif' \/><\/td>\r\n\t\t\t\t\t\t\t<td valign='top'><strong><a href='http:\/\/www.mrc-longwy.fr\/?page_id=9&mingleforumaction=viewforum&f=1.0'>Informations<\/a><\/strong><br \/><small><i>Mod\u00e9rateurs: <a href='http:\/\/www.mrc-longwy.fr\/?page_id=9&mingleforumaction=profile&id=5' title='Voir le profil'>Loic<\/a>, <a href='http:\/\/www.mrc-longwy.fr\/?page_id=9&mingleforumaction=profile&id=4' title='Voir le profil'>mika<\/a><\/i><\/small><\/td><td nowrap='nowrap' width='11%' align='left' class='wpf-alt'><small>Discussions:152<br \/>Messages:152<\/small><\/td><td  width='28%' ><small><strong>Dernier message<\/strong> par <a href='http:\/\/www.mrc-longwy.fr\/?page_id=9&mingleforumaction=profile&id=22607' title='Voir le profil'>Other-Resources<\/a><br \/>dans <a href='http:\/\/www.mrc-longwy.fr\/?page_id=9&mingleforumaction=viewtopic&t=979.0#postid-1029'>Business Management<\/a><br \/>le September 20, 2021, 15:00<\/small><\/td><\/tr><\/table>\r\n\t\t\t<\/div><br class='clear'\/><div class='wpf'><table width='100%' class='wpf-table forumsList'><tr><th colspan='4'><a href='http:\/\/www.mrc-longwy.fr\/?page_id=9&mingleforumaction=vforum&g=2.0'>LES COURSES<\/a><\/th><\/tr><tr class='odd'>\r\n\t\t\t\t\t\t\t<td class='wpf-alt forumIcon' width='6%' align='center'><img alt='' src='http:\/\/www.mrc-longwy.fr\/wp-content\/mingle-forum-skins\/mfBlack\/images\/off.gif' \/><\/td>\r\n\t\t\t\t\t\t\t<td valign='top'><strong><a href='http:\/\/www.mrc-longwy.fr\/?page_id=9&mingleforumaction=viewforum&f=14.0'>Le GP3F 2011<\/a><\/strong><br \/>Questions-r\u00e9ponses et derni\u00e8res news du 8\u00e8me GP3F\/ Questions and Answers and the latest news from the 8th GP3F<br \/><small><i>Mod\u00e9rateurs: <a href='http:\/\/www.mrc-longwy.fr\/?page_id=9&mingleforumaction=profile&id=5' title='Voir le profil'>Loic<\/a>, <a href='http:\/\/www.mrc-longwy.fr\/?page_id=9&mingleforumaction=profile&id=4' title='Voir le profil'>mika<\/a><\/i><\/small><\/td><td nowrap='nowrap' width='11%' align='left' class='wpf-alt'><small>Discussions:205<br \/>Messages:214<\/small><\/td><td  width='28%' ><small><strong>Dernier message<\/strong> par <a href='http:\/\/www.mrc-longwy.fr\/?page_id=9&mingleforumaction=profile&id=38856' title='Voir le profil'>dmfusa<\/a><br \/>dans <a href='http:\/\/www.mrc-longwy.fr\/?page_id=9&mingleforumaction=viewtopic&t=969.0#postid-1019'>Cheap high quality trendy shoes on free ship<\/a><br \/>le January 16, 2020, 05:10<\/small><\/td><\/tr><tr class='alt even'>\r\n\t\t\t\t\t\t\t<td class='wpf-alt forumIcon' width='6%' align='center'><img alt='' src='http:\/\/www.mrc-longwy.fr\/wp-content\/mingle-forum-skins\/mfBlack\/images\/off.gif' \/><\/td>\r\n\t\t\t\t\t\t\t<td valign='top'><strong><a href='http:\/\/www.mrc-longwy.fr\/?page_id=9&mingleforumaction=viewforum&f=5.0'>Les courses du club<\/a><\/strong><br \/><small><i>Mod\u00e9rateurs: <a href='http:\/\/www.mrc-longwy.fr\/?page_id=9&mingleforumaction=profile&id=5' title='Voir le profil'>Loic<\/a>, <a href='http:\/\/www.mrc-longwy.fr\/?page_id=9&mingleforumaction=profile&id=4' title='Voir le profil'>mika<\/a><\/i><\/small><\/td><td nowrap='nowrap' width='11%' align='left' class='wpf-alt'><small>Discussions:487<br \/>Messages:507<\/small><\/td><td  width='28%' ><small><strong>Dernier message<\/strong> par <a href='http:\/\/www.mrc-longwy.fr\/?page_id=9&mingleforumaction=profile&id=39115' title='Voir le profil'>GroverMLong<\/a><br \/>dans <a href='http:\/\/www.mrc-longwy.fr\/?page_id=9&mingleforumaction=viewtopic&t=690.0#postid-1007'>Re: The Ultimate Runescape Daily Challenges Trick <\/a><br \/>le January 10, 2020, 12:17<\/small><\/td><\/tr><tr class='odd'>\r\n\t\t\t\t\t\t\t<td class='wpf-alt forumIcon' width='6%' align='center'><img alt='' src='http:\/\/www.mrc-longwy.fr\/wp-content\/mingle-forum-skins\/mfBlack\/images\/off.gif' \/><\/td>\r\n\t\t\t\t\t\t\t<td valign='top'><strong><a href='http:\/\/www.mrc-longwy.fr\/?page_id=9&mingleforumaction=viewforum&f=4.0'>Autres manifestations<\/a><\/strong><br \/><small><i>Mod\u00e9rateurs: <a href='http:\/\/www.mrc-longwy.fr\/?page_id=9&mingleforumaction=profile&id=5' title='Voir le profil'>Loic<\/a>, <a href='http:\/\/www.mrc-longwy.fr\/?page_id=9&mingleforumaction=profile&id=4' title='Voir le profil'>mika<\/a><\/i><\/small><\/td><td nowrap='nowrap' width='11%' align='left' class='wpf-alt'><small>Discussions:30<br \/>Messages:31<\/small><\/td><td  width='28%' ><small><strong>Dernier message<\/strong> par <a href='http:\/\/www.mrc-longwy.fr\/?page_id=9&mingleforumaction=profile&id=38856' title='Voir le profil'>dmfusa<\/a><br \/>dans <a href='http:\/\/www.mrc-longwy.fr\/?page_id=9&mingleforumaction=viewtopic&t=965.0#postid-1015'>Cheap high quality trendy shoes on free ship<\/a><br \/>le January 13, 2020, 04:31<\/small><\/td><\/tr><tr class='alt even'>\r\n\t\t\t\t\t\t\t<td class='wpf-alt forumIcon' width='6%' align='center'><img alt='' src='http:\/\/www.mrc-longwy.fr\/wp-content\/mingle-forum-skins\/mfBlack\/images\/off.gif' \/><\/td>\r\n\t\t\t\t\t\t\t<td valign='top'><strong><a href='http:\/\/www.mrc-longwy.fr\/?page_id=9&mingleforumaction=viewforum&f=3.0'>Les courses nationales<\/a><\/strong><br \/><small><i>Mod\u00e9rateurs: <a href='http:\/\/www.mrc-longwy.fr\/?page_id=9&mingleforumaction=profile&id=5' title='Voir le profil'>Loic<\/a>, <a href='http:\/\/www.mrc-longwy.fr\/?page_id=9&mingleforumaction=profile&id=4' title='Voir le profil'>mika<\/a><\/i><\/small><\/td><td nowrap='nowrap' width='11%' align='left' class='wpf-alt'><small>Discussions:12<br \/>Messages:12<\/small><\/td><td  width='28%' ><small><strong>Dernier message<\/strong> par <a href='http:\/\/www.mrc-longwy.fr\/?page_id=9&mingleforumaction=profile&id=37902' title='Voir le profil'>Navas<\/a><br \/>dans <a href='http:\/\/www.mrc-longwy.fr\/?page_id=9&mingleforumaction=viewtopic&t=951.0#postid-992'>Twins DFA reliever Craig Breslow<\/a><br \/>le December 9, 2019, 11:31<\/small><\/td><\/tr><tr class='odd'>\r\n\t\t\t\t\t\t\t<td class='wpf-alt forumIcon' width='6%' align='center'><img alt='' src='http:\/\/www.mrc-longwy.fr\/wp-content\/mingle-forum-skins\/mfBlack\/images\/off.gif' \/><\/td>\r\n\t\t\t\t\t\t\t<td valign='top'><strong><a href='http:\/\/www.mrc-longwy.fr\/?page_id=9&mingleforumaction=viewforum&f=2.0'>Les courses intrenationales<\/a><\/strong><br \/><small><i>Mod\u00e9rateurs: <a href='http:\/\/www.mrc-longwy.fr\/?page_id=9&mingleforumaction=profile&id=5' title='Voir le profil'>Loic<\/a>, <a href='http:\/\/www.mrc-longwy.fr\/?page_id=9&mingleforumaction=profile&id=4' title='Voir le profil'>mika<\/a><\/i><\/small><\/td><td nowrap='nowrap' width='11%' align='left' class='wpf-alt'><small>Discussions:16<br \/>Messages:18<\/small><\/td><td  width='28%' ><small><strong>Dernier message<\/strong> par <a href='http:\/\/www.mrc-longwy.fr\/?page_id=9&mingleforumaction=profile&id=37902' title='Voir le profil'>Navas<\/a><br \/>dans <a href='http:\/\/www.mrc-longwy.fr\/?page_id=9&mingleforumaction=viewtopic&t=946.0#postid-987'>Moreland walks off Purple Sox towards prevent sweep through Astros<\/a><br \/>le December 9, 2019, 11:30<\/small><\/td><\/tr><\/table>\r\n\t\t\t<\/div><br class='clear'\/><div class='wpf'><table width='100%' class='wpf-table forumsList'><tr><th colspan='4'><a href='http:\/\/www.mrc-longwy.fr\/?page_id=9&mingleforumaction=vforum&g=3.0'>TECHNIQUE<\/a><\/th><\/tr><tr class='alt even'>\r\n\t\t\t\t\t\t\t<td class='wpf-alt forumIcon' width='6%' align='center'><img alt='' src='http:\/\/www.mrc-longwy.fr\/wp-content\/mingle-forum-skins\/mfBlack\/images\/off.gif' \/><\/td>\r\n\t\t\t\t\t\t\t<td valign='top'><strong><a href='http:\/\/www.mrc-longwy.fr\/?page_id=9&mingleforumaction=viewforum&f=6.0'>Technique chassis<\/a><\/strong><br \/><small><i>Mod\u00e9rateurs: <a href='http:\/\/www.mrc-longwy.fr\/?page_id=9&mingleforumaction=profile&id=5' title='Voir le profil'>Loic<\/a>, <a href='http:\/\/www.mrc-longwy.fr\/?page_id=9&mingleforumaction=profile&id=4' title='Voir le profil'>mika<\/a><\/i><\/small><\/td><td nowrap='nowrap' width='11%' align='left' class='wpf-alt'><small>Discussions:18<br \/>Messages:22<\/small><\/td><td  width='28%' ><small><strong>Dernier message<\/strong> par <a href='http:\/\/www.mrc-longwy.fr\/?page_id=9&mingleforumaction=profile&id=17330' title='Voir le profil'>Melvinchunter<\/a><br \/>dans <a href='http:\/\/www.mrc-longwy.fr\/?page_id=9&mingleforumaction=viewtopic&t=973.0#postid-1023'>Clear structure and characteristics of an ideal essay<\/a><br \/>le May 31, 2020, 17:15<\/small><\/td><\/tr><tr class='odd'>\r\n\t\t\t\t\t\t\t<td class='wpf-alt forumIcon' width='6%' align='center'><img alt='' src='http:\/\/www.mrc-longwy.fr\/wp-content\/mingle-forum-skins\/mfBlack\/images\/off.gif' \/><\/td>\r\n\t\t\t\t\t\t\t<td valign='top'><strong><a href='http:\/\/www.mrc-longwy.fr\/?page_id=9&mingleforumaction=viewforum&f=7.0'>Technique \u00e9lectronique<\/a><\/strong><br \/><small><i>Mod\u00e9rateurs: <a href='http:\/\/www.mrc-longwy.fr\/?page_id=9&mingleforumaction=profile&id=5' title='Voir le profil'>Loic<\/a>, <a href='http:\/\/www.mrc-longwy.fr\/?page_id=9&mingleforumaction=profile&id=4' title='Voir le profil'>mika<\/a><\/i><\/small><\/td><td nowrap='nowrap' width='11%' align='left' class='wpf-alt'><small>Discussions:5<br \/>Messages:5<\/small><\/td><td  width='28%' ><small><strong>Dernier message<\/strong> par <a href='http:\/\/www.mrc-longwy.fr\/?page_id=9&mingleforumaction=profile&id=10880' title='Voir le profil'>HarryJenkins<\/a><br \/>dans <a href='http:\/\/www.mrc-longwy.fr\/?page_id=9&mingleforumaction=viewtopic&t=759.0#postid-793'>Does Technology Scale With Greed<\/a><br \/>le June 1, 2018, 14:34<\/small><\/td><\/tr><\/table>\r\n\t\t\t<\/div><br class='clear'\/><div class='wpf'><table width='100%' class='wpf-table forumsList'><tr><th colspan='4'><a href='http:\/\/www.mrc-longwy.fr\/?page_id=9&mingleforumaction=vforum&g=4.0'>LE BAR<\/a><\/th><\/tr><tr class='alt even'>\r\n\t\t\t\t\t\t\t<td class='wpf-alt forumIcon' width='6%' align='center'><img alt='' src='http:\/\/www.mrc-longwy.fr\/wp-content\/mingle-forum-skins\/mfBlack\/images\/off.gif' \/><\/td>\r\n\t\t\t\t\t\t\t<td valign='top'><strong><a href='http:\/\/www.mrc-longwy.fr\/?page_id=9&mingleforumaction=viewforum&f=10.0'>Discussions<\/a><\/strong><br \/><small><i>Mod\u00e9rateurs: <a href='http:\/\/www.mrc-longwy.fr\/?page_id=9&mingleforumaction=profile&id=5' title='Voir le profil'>Loic<\/a>, <a href='http:\/\/www.mrc-longwy.fr\/?page_id=9&mingleforumaction=profile&id=4' title='Voir le profil'>mika<\/a><\/i><\/small><\/td><td nowrap='nowrap' width='11%' align='left' class='wpf-alt'><small>Discussions:8<br \/>Messages:8<\/small><\/td><td  width='28%' ><small><strong>Dernier message<\/strong> par <a href='http:\/\/www.mrc-longwy.fr\/?page_id=9&mingleforumaction=profile&id=31947' title='Voir le profil'>Rskingdom<\/a><br \/>dans <a href='http:\/\/www.mrc-longwy.fr\/?page_id=9&mingleforumaction=viewtopic&t=972.0#postid-1022'>Im not max. RuneScape game wont die either<\/a><br \/>le April 1, 2020, 08:50<\/small><\/td><\/tr><tr class='odd'>\r\n\t\t\t\t\t\t\t<td class='wpf-alt forumIcon' width='6%' align='center'><img alt='' src='http:\/\/www.mrc-longwy.fr\/wp-content\/mingle-forum-skins\/mfBlack\/images\/off.gif' \/><\/td>\r\n\t\t\t\t\t\t\t<td valign='top'><strong><a href='http:\/\/www.mrc-longwy.fr\/?page_id=9&mingleforumaction=viewforum&f=9.0'>En direct avec Lucas URBAIN<\/a><\/strong><br \/>Venez poser toutes vos questions \u00e0 Lucas Urbain, Champion de France 2010 et finaliste A au CE 2010\r\n<br \/><small><i>Mod\u00e9rateurs: <a href='http:\/\/www.mrc-longwy.fr\/?page_id=9&mingleforumaction=profile&id=5' title='Voir le profil'>Loic<\/a>, <a href='http:\/\/www.mrc-longwy.fr\/?page_id=9&mingleforumaction=profile&id=4' title='Voir le profil'>mika<\/a><\/i><\/small><\/td><td nowrap='nowrap' width='11%' align='left' class='wpf-alt'><small>Discussions:9<br \/>Messages:9<\/small><\/td><td  width='28%' ><small><strong>Dernier message<\/strong> par <a href='http:\/\/www.mrc-longwy.fr\/?page_id=9&mingleforumaction=profile&id=31206' title='Voir le profil'>chenyuhan<\/a><br \/>dans <a href='http:\/\/www.mrc-longwy.fr\/?page_id=9&mingleforumaction=viewtopic&t=894.0#postid-931'>That youll surely want to nba 2k20 mt<\/a><br \/>le June 16, 2019, 10:14<\/small><\/td><\/tr><tr class='alt even'>\r\n\t\t\t\t\t\t\t<td class='wpf-alt forumIcon' width='6%' align='center'><img alt='' src='http:\/\/www.mrc-longwy.fr\/wp-content\/mingle-forum-skins\/mfBlack\/images\/off.gif' \/><\/td>\r\n\t\t\t\t\t\t\t<td valign='top'><strong><a href='http:\/\/www.mrc-longwy.fr\/?page_id=9&mingleforumaction=viewforum&f=8.0'>En direct avec Lo\u00efc JASMIN<\/a><\/strong><br \/>Venez poser vos questions \u00e0 Lo\u00efc Jasmin, champion de France piste 1\/10 et 1\/12 2009, finaliste A du CE 2007 et 2010<br \/><small><i>Mod\u00e9rateurs: <a href='http:\/\/www.mrc-longwy.fr\/?page_id=9&mingleforumaction=profile&id=5' title='Voir le profil'>Loic<\/a>, <a href='http:\/\/www.mrc-longwy.fr\/?page_id=9&mingleforumaction=profile&id=4' title='Voir le profil'>mika<\/a><\/i><\/small><\/td><td nowrap='nowrap' width='11%' align='left' class='wpf-alt'><small>Discussions:0<br \/>Messages:0<\/small><\/td><td  width='28%' ><small>Aucune discussion pour l'instant<\/small><\/td><\/tr><\/table>\r\n\t\t\t<\/div><br class='clear'\/><div class='wpf'><table width='100%' class='wpf-table forumsList'><tr><th colspan='4'><a href='http:\/\/www.mrc-longwy.fr\/?page_id=9&mingleforumaction=vforum&g=5.0'>JEUX VIDEOS<\/a><\/th><\/tr><tr class='odd'>\r\n\t\t\t\t\t\t\t<td class='wpf-alt forumIcon' width='6%' align='center'><img alt='' src='http:\/\/www.mrc-longwy.fr\/wp-content\/mingle-forum-skins\/mfBlack\/images\/off.gif' \/><\/td>\r\n\t\t\t\t\t\t\t<td valign='top'><strong><a href='http:\/\/www.mrc-longwy.fr\/?page_id=9&mingleforumaction=viewforum&f=13.0'>F1 2011<\/a><\/strong><br \/><small><i>Mod\u00e9rateurs: <a href='http:\/\/www.mrc-longwy.fr\/?page_id=9&mingleforumaction=profile&id=5' title='Voir le profil'>Loic<\/a>, <a href='http:\/\/www.mrc-longwy.fr\/?page_id=9&mingleforumaction=profile&id=4' title='Voir le profil'>mika<\/a><\/i><\/small><\/td><td nowrap='nowrap' width='11%' align='left' class='wpf-alt'><small>Discussions:0<br \/>Messages:0<\/small><\/td><td  width='28%' ><small>Aucune discussion pour l'instant<\/small><\/td><\/tr><tr class='alt even'>\r\n\t\t\t\t\t\t\t<td class='wpf-alt forumIcon' width='6%' align='center'><img alt='' src='http:\/\/www.mrc-longwy.fr\/wp-content\/mingle-forum-skins\/mfBlack\/images\/off.gif' \/><\/td>\r\n\t\t\t\t\t\t\t<td valign='top'><strong><a href='http:\/\/www.mrc-longwy.fr\/?page_id=9&mingleforumaction=viewforum&f=12.0'>Gran Turismo 5<\/a><\/strong><br \/><small><i>Mod\u00e9rateurs: <a href='http:\/\/www.mrc-longwy.fr\/?page_id=9&mingleforumaction=profile&id=5' title='Voir le profil'>Loic<\/a>, <a href='http:\/\/www.mrc-longwy.fr\/?page_id=9&mingleforumaction=profile&id=4' title='Voir le profil'>mika<\/a><\/i><\/small><\/td><td nowrap='nowrap' width='11%' align='left' class='wpf-alt'><small>Discussions:3<br \/>Messages:3<\/small><\/td><td  width='28%' ><small><strong>Dernier message<\/strong> par <a href='http:\/\/www.mrc-longwy.fr\/?page_id=9&mingleforumaction=profile&id=10282' title='Voir le profil'>Hknisertin<\/a><br \/>dans <a href='http:\/\/www.mrc-longwy.fr\/?page_id=9&mingleforumaction=viewtopic&t=695.0#postid-729'>\u0418\u043d\u0442\u0435\u0440\u043d\u0435\u0442 \u043a\u0430\u0437\u0438\u043d\u043e<\/a><br \/>le February 17, 2018, 01:49<\/small><\/td><\/tr><tr class='odd'>\r\n\t\t\t\t\t\t\t<td class='wpf-alt forumIcon' width='6%' align='center'><img alt='' src='http:\/\/www.mrc-longwy.fr\/wp-content\/mingle-forum-skins\/mfBlack\/images\/off.gif' \/><\/td>\r\n\t\t\t\t\t\t\t<td valign='top'><strong><a href='http:\/\/www.mrc-longwy.fr\/?page_id=9&mingleforumaction=viewforum&f=11.0'>Forza Motorsport 4<\/a><\/strong><br \/><small><i>Mod\u00e9rateurs: <a href='http:\/\/www.mrc-longwy.fr\/?page_id=9&mingleforumaction=profile&id=5' title='Voir le profil'>Loic<\/a>, <a href='http:\/\/www.mrc-longwy.fr\/?page_id=9&mingleforumaction=profile&id=4' title='Voir le profil'>mika<\/a><\/i><\/small><\/td><td nowrap='nowrap' width='11%' align='left' class='wpf-alt'><small>Discussions:2<br \/>Messages:2<\/small><\/td><td  width='28%' ><small><strong>Dernier message<\/strong> par <a href='http:\/\/www.mrc-longwy.fr\/?page_id=9&mingleforumaction=profile&id=31947' title='Voir le profil'>Rskingdom<\/a><br \/>dans <a href='http:\/\/www.mrc-longwy.fr\/?page_id=9&mingleforumaction=viewtopic&t=897.0#postid-934'>the bases for RuneScape on cellular<\/a><br \/>le July 11, 2019, 11:01<\/small><\/td><\/tr><\/table>\r\n\t\t\t<\/div><br class='clear'\/><div class='wpf'><table width='100%' class='wpf-table forumsList'><tr><th colspan='4'><a href='http:\/\/www.mrc-longwy.fr\/?page_id=9&mingleforumaction=vforum&g=6.0'>PETITES ANNONCES<\/a><\/th><\/tr><\/table>\r\n\t\t\t<\/div><br class='clear'\/><table>\r\n\t\t\t\t\t<tr>\r\n\t\t\t\t\t\t<td><small><img alt='' align='top' src='http:\/\/www.mrc-longwy.fr\/wp-content\/mingle-forum-skins\/mfBlack\/images\/new_some.gif' \/> Nouveaux messages <img alt='' align='top' src='http:\/\/www.mrc-longwy.fr\/wp-content\/mingle-forum-skins\/mfBlack\/images\/new_none.gif' \/> Aucun nouveau message - <a href='http:\/\/www.mrc-longwy.fr\/?page_id=9&markallread=true'>Mark All Read<\/a><\/small><\/td>\r\n\t\t\t\t\t<\/tr>\r\n\t\t\t\t<\/table><br class='clear'\/><div class='wpf'><table class='wpf-table' width='100%' cellspacing='0' cellpadding='0'><tr>\r\n\t\t\t\t\t\t\t\t\t<th align='center' colspan='2'>Centre d'informations<\/th>\r\n\t\t\t\t\t\t\t\t<\/tr>\r\n\t\t\t\t\t\t\t\t<tr>\r\n\t\t\t\t\t\t\t\t<\/tr>\r\n\t\t\t\t\t\t\t\t<tr>\r\n\t\t\t\t\t\t\t\t\t<td width='3%' class='forumIcon' align='center'><img alt='' src='http:\/\/www.mrc-longwy.fr\/wp-content\/mingle-forum-skins\/mfBlack\/images\/icons\/info.gif' \/><\/td>\r\n\t\t\t\t\t\t\t\t\t<td>\r\n\t\t\t\t\t\t\t\t\t\t983 Messages dans 947 discussions cr\u00e9es par 89290 Membres. Derniers membres: <a href='http:\/\/www.mrc-longwy.fr\/?page_id=9&mingleforumaction=profile&id=91569' title='Voir le profil'>alinamorshead<\/a>\r\n\t\t\t\t\t\t\t\t\t\t<br \/>Dernier message par <a href='http:\/\/www.mrc-longwy.fr\/?page_id=9&mingleforumaction=profile&id=22607' title='Voir le profil'>Other-Resources<\/a><br \/>le September 20, 2021, 15:00\r\n\t\t\t\t\t\t\t\t\t<\/td>\r\n\t\t\t\t\t\t\t\t<\/tr>\r\n\t\t\t\t\t\t<\/table><\/div><div id='wpf-info'><small>\r\n\t\t\tMingle Forum by <a href='http:\/\/cartpauj.icomnow.com'>cartpauj<\/a><br \/> \r\n\t\t\tVersion: 1.0.33.2\r; \r\n\t\t\tPage charg\u00e9e en: 0.956 secondes.<\/small>\r\n\t\t<\/div><\/div>\n","protected":false},"excerpt":{"rendered":"","protected":false},"author":1,"featured_media":0,"parent":0,"menu_order":0,"comment_status":"closed","ping_status":"open","template":"","meta":{"footnotes":""},"class_list":["post-9","page","type-page","status-publish","hentry","uentry","postonpage-1","odd","post-author-admin"],"_links":{"self":[{"href":"http:\/\/www.mrc-longwy.fr\/index.php?rest_route=\/wp\/v2\/pages\/9","targetHints":{"allow":["GET"]}}],"collection":[{"href":"http:\/\/www.mrc-longwy.fr\/index.php?rest_route=\/wp\/v2\/pages"}],"about":[{"href":"http:\/\/www.mrc-longwy.fr\/index.php?rest_route=\/wp\/v2\/types\/page"}],"author":[{"embeddable":true,"href":"http:\/\/www.mrc-longwy.fr\/index.php?rest_route=\/wp\/v2\/users\/1"}],"replies":[{"embeddable":true,"href":"http:\/\/www.mrc-longwy.fr\/index.php?rest_route=%2Fwp%2Fv2%2Fcomments&post=9"}],"version-history":[{"count":2,"href":"http:\/\/www.mrc-longwy.fr\/index.php?rest_route=\/wp\/v2\/pages\/9\/revisions"}],"predecessor-version":[{"id":11,"href":"http:\/\/www.mrc-longwy.fr\/index.php?rest_route=\/wp\/v2\/pages\/9\/revisions\/11"}],"wp:attachment":[{"href":"http:\/\/www.mrc-longwy.fr\/index.php?rest_route=%2Fwp%2Fv2%2Fmedia&parent=9"}],"curies":[{"name":"wp","href":"https:\/\/api.w.org\/{rel}","templated":true}]}}