{"id":49,"date":"2011-09-26T12:04:23","date_gmt":"2011-09-26T10:04:23","guid":{"rendered":"http:\/\/www.mrc-longwy.fr\/?page_id=49"},"modified":"2018-10-25T10:36:03","modified_gmt":"2018-10-25T08:36:03","slug":"inscription-2","status":"publish","type":"page","link":"http:\/\/www.mrc-longwy.fr\/?page_id=49","title":{"rendered":"Inscriptions"},"content":{"rendered":"<h2 style=\"text-align: center;\">Inscriptions<\/h2>\n<p>&nbsp;<\/p>\n<h4><span style=\"color: #0000ff;\"><strong><span style=\"color: #0000ff;\">Les inscriptions ouvriront le mercredi <\/span><span style=\"color: #ff0000;\">12 Novembre pour 20h00.<\/span><\/strong><\/span><\/h4>\n<div style=\"text-align: justify;\">Pour vous inscrire \u00e0 la course, utilisez <a href=\"http:\/\/www.myrcm.ch\" target=\"_blank\">myrcm<\/a>, rubrique \u00ab\u00a0course \u00e0 venir\u00a0\u00bb.<\/div>\n<p style=\"text-align: justify;\"><strong>LIMIT\u00c9E A 150 PILOTES<\/strong><\/p>\n<p style=\"text-align: justify;\">D\u00e8s que vous validez votre inscription, l&rsquo;organisateur v\u00e9rifiera vos informations et mettra votre inscription en attente de paiement. D\u00e8s que votre paiement sera re\u00e7u, votre inscription sera valid\u00e9e. En cas de liste compl\u00e8te, votre nom apparaitra en liste d&rsquo;attente.<\/p>\n<p><strong>Important:<\/strong>\u00a0Pour le paiement, celui-ci devra parvenir \u00e0 l&rsquo;organisateur\u00a0<em><strong>dans les 7 jours suivant<\/strong><\/em>\u00a0votre inscription en ligne. Pass\u00e9 ce d\u00e9lai votre inscription ne sera plus prioritaire.<\/p>\n<p>Jusqu&rsquo;au\u00a06 d\u00e9cembre 2014 (jour de cloture) :<\/p>\n<p style=\"text-align: justify;\">Frais d&rsquo;inscription en MODIFIED et STOCK : 65 \u20ac avec 2 trains de pneus + 1 billet de tombola + 1 t-shirt.<\/p>\n<p style=\"text-align: justify;\">PAS DE REMBOURSEMENT<\/p>\n<h2 style=\"text-align: center;\"><\/h2>\n<h2 style=\"text-align: center;\"><\/h2>\n<h2 style=\"text-align: center;\">Mode de paiement<\/h2>\n<p>&nbsp;<\/p>\n<h3>Ch\u00e8que:<\/h3>\n<p>Ordre : MRC Longwy<\/p>\n<p>Adresse postale :<\/p>\n<p>Mickael jasmin<\/p>\n<p>60 Rue de Metz<\/p>\n<p>57525 TALANGE<\/p>\n<h3>Virement bancaire :<\/h3>\n<p>&#8211; Name : MRC LONGWY<\/p>\n<p>&#8211; IBAN : FR76 1027 8040 6200 0202 2600 110 &#8211; BIC: CMCIFR2A<\/p>\n<h3>Paypal:<\/h3>\n<p>&#8211; Virements entre amis : <a href=\"mailto:wmrclongwy@live.fr\">mrclongwy@live.fr<\/a><\/p>\n<p>&nbsp;<\/p>\n<p style=\"text-align: center;\">&#8212;&#8212;&#8212;&#8212;&#8212;&#8212;&#8212;&#8212;&#8212;&#8212;&#8212;&#8212;&#8212;&#8212;&#8212;&#8212;&#8212;&#8212;&#8212;&#8212;&#8212;&#8212;&#8212;&#8212;&#8212;&#8212;&#8212;&#8212;&#8212;&#8212;&#8212;&#8212;&#8212;&#8212;&#8212;&#8212;&#8212;&#8212;&#8212;&#8212;&#8212;&#8212;&#8212;<\/p>\n<p style=\"text-align: center;\">\n<p style=\"text-align: center;\">\n<h2 style=\"text-align: center;\">Registration<\/h2>\n<p>&nbsp;<\/p>\n<div><strong><span style=\"color: #0000ff;\">Registrations will open on Wednesday,\u00a0<span style=\"color: #ff0000;\">November the 12th\u00a0at 8 PM.<\/span><\/span><\/strong><\/div>\n<div><strong><\/strong><br \/>\nTo register for the race, please use <a href=\"http:\/\/www.myrcm.ch\">www.myrcm.ch<\/a>, in the \u00ab\u00a0upcoming race\u00a0\u00bb section.<\/div>\n<p><strong>LIMITED TO 150 ENTRIES<\/strong><\/p>\n<p>Once you validate your registration, the race manager will check your details and set your registration as a \u00ab\u00a0Waiting for payment\u00a0\u00bb status. Then, each racer will have\u00a07 days\u00a0to pay up their entry and validated their registration unless it will be declined.<strong><\/strong><\/p>\n<p>Registration fee for MODIFIED &amp; STOCK Class : \u00a0\u00a065 \u20ac including 2 sets of tyres + 1 raffle ticket + 1 t-shirt.<\/p>\n<p>NO REFUNDING<\/p>\n<p>Entries are closed from 6th of december 2013<\/p>\n<p>&nbsp;<\/p>\n<p>&nbsp;<\/p>\n<h2 style=\"text-align: center;\">Payment method<\/h2>\n<p>&nbsp;<\/p>\n<h3>Bank transfert:<\/h3>\n<p>&#8211; Name : MRC LONGWY<\/p>\n<p>&#8211; IBAN : FR76 1027 8040 6200 0202 2600 110 &#8211; BIC: CMCIFR2A<\/p>\n<h3>Paypal:<\/h3>\n<p>&#8211; Payment within friends : <a href=\"mailto:mrclongwy@live.fr\">mrclongwy@live.fr<\/a><\/p>\n","protected":false},"excerpt":{"rendered":"<p>Inscriptions &nbsp; Les inscriptions ouvriront le mercredi 12 Novembre pour 20h00. Pour vous inscrire \u00e0 la course, utilisez myrcm, rubrique \u00ab\u00a0course \u00e0 venir\u00a0\u00bb. LIMIT\u00c9E A 150 PILOTES D\u00e8s que vous validez votre inscription, l&rsquo;organisateur v\u00e9rifiera vos informations et mettra votre [&hellip;] <a class=\"more-link\" href=\"http:\/\/www.mrc-longwy.fr\/?page_id=49\">&darr; Read the rest of this entry&#8230;<\/a><\/p>\n","protected":false},"author":1,"featured_media":0,"parent":44,"menu_order":0,"comment_status":"closed","ping_status":"open","template":"","meta":{"footnotes":""},"class_list":["post-49","page","type-page","status-publish","hentry","uentry","postonpage-1","odd","post-author-admin"],"_links":{"self":[{"href":"http:\/\/www.mrc-longwy.fr\/index.php?rest_route=\/wp\/v2\/pages\/49","targetHints":{"allow":["GET"]}}],"collection":[{"href":"http:\/\/www.mrc-longwy.fr\/index.php?rest_route=\/wp\/v2\/pages"}],"about":[{"href":"http:\/\/www.mrc-longwy.fr\/index.php?rest_route=\/wp\/v2\/types\/page"}],"author":[{"embeddable":true,"href":"http:\/\/www.mrc-longwy.fr\/index.php?rest_route=\/wp\/v2\/users\/1"}],"replies":[{"embeddable":true,"href":"http:\/\/www.mrc-longwy.fr\/index.php?rest_route=%2Fwp%2Fv2%2Fcomments&post=49"}],"version-history":[{"count":24,"href":"http:\/\/www.mrc-longwy.fr\/index.php?rest_route=\/wp\/v2\/pages\/49\/revisions"}],"predecessor-version":[{"id":1542,"href":"http:\/\/www.mrc-longwy.fr\/index.php?rest_route=\/wp\/v2\/pages\/49\/revisions\/1542"}],"up":[{"embeddable":true,"href":"http:\/\/www.mrc-longwy.fr\/index.php?rest_route=\/wp\/v2\/pages\/44"}],"wp:attachment":[{"href":"http:\/\/www.mrc-longwy.fr\/index.php?rest_route=%2Fwp%2Fv2%2Fmedia&parent=49"}],"curies":[{"name":"wp","href":"https:\/\/api.w.org\/{rel}","templated":true}]}}