{"id":44,"date":"2012-10-02T08:00:03","date_gmt":"2012-10-02T06:00:03","guid":{"rendered":"http:\/\/www.mrc-longwy.fr\/?page_id=44"},"modified":"2018-10-25T10:36:03","modified_gmt":"2018-10-25T08:36:03","slug":"gp3f-2012","status":"publish","type":"page","link":"http:\/\/www.mrc-longwy.fr\/?page_id=44","title":{"rendered":"GP3F 2014"},"content":{"rendered":"<p>&nbsp;<\/p>\n<p><a href=\"http:\/\/www.mrc-longwy.fr\/wp-content\/uploads\/2012\/10\/affiche-gp3f-2014-v3.png\"><img loading=\"lazy\" decoding=\"async\" class=\"aligncenter size-large wp-image-1276\" title=\"affiche gp3f 2014 v3\" src=\"http:\/\/www.mrc-longwy.fr\/wp-content\/uploads\/2012\/10\/affiche-gp3f-2014-v3-1024x506.png\" alt=\"\" width=\"500\" height=\"247\" srcset=\"http:\/\/www.mrc-longwy.fr\/wp-content\/uploads\/2012\/10\/affiche-gp3f-2014-v3-1024x506.png 1024w, http:\/\/www.mrc-longwy.fr\/wp-content\/uploads\/2012\/10\/affiche-gp3f-2014-v3-300x148.png 300w, http:\/\/www.mrc-longwy.fr\/wp-content\/uploads\/2012\/10\/affiche-gp3f-2014-v3.png 1715w\" sizes=\"auto, (max-width: 500px) 100vw, 500px\" \/><\/a><\/p>\n<p>Le MRC LONGWY est heureux de vous annoncer la 11\u00e8me \u00e9dition de son Grand Prix des 3 Fronti\u00e8res\u00a0 qui aura lieu les <span style=\"color: #ff0000;\"><strong>13&amp;14 D\u00e9cembre 2014<\/strong><\/span>\u00a0\u00e0 Longwy (France, fronti\u00e8res Belge et Luxembourgeoise).<\/p>\n<h4><strong><span style=\"color: #0000ff;\">Les inscriptions ouvriront le <span style=\"color: #ff0000;\">mercredi 12 novembre<\/span><span style=\"color: #ff0000;\">\u00a0pour 20h00<\/span> sur le site myrcm.ch rubrique \u00ab\u00a0courses \u00e0 venir\u00a0\u00bb.<\/span><\/strong><\/h4>\n<h4><em style=\"text-decoration: underline;\">La course\u00a0:<\/em><\/h4>\n<p>&#8211; 2 cat\u00e9gories\u00a0: STOCK et MODIFIED<\/p>\n<p>&#8211; 150 pilotes maxi<\/p>\n<p>&#8211; 13 runs pour tous sur 2 jours de course (5 essais, 5 qualifications et 3 finales)<\/p>\n<p>&#8211; 600m\u00b2 de moquette de qualit\u00e9 avec balisage non cassant<\/p>\n<p>&#8211; Superbe salle avec tribune, \u00e9clairage, sono, tables, chaises, 220V, compresseur.<\/p>\n<p>&#8211; Restauration chaude<\/p>\n<p>&#8211; Grande tombola avec de nombreux lots offerts par nos partenaires.<\/p>\n<p>&nbsp;<\/p>\n<p><span style=\"text-decoration: underline;\"><em>La piste:<\/em><\/span><\/p>\n<p>La course se d\u00e9roulera comme les 2 derni\u00e8res \u00e9ditions \u00e0 la salle L\u00e9on Bassompierre , Rue Albert Legendre, 54400 LONGWY (France)<\/p>\n<p>Coordonn\u00e9es GPS:\u00a0 Lo: 49.5190788\u00a0\u00a0\u00a0\u00a0\u00a0\u00a0\u00a0\u00a0\u00a0\u00a0\u00a0 La:\u00a0 5.768974699999944<\/p>\n<p>&nbsp;<\/p>\n<p><span style=\"text-decoration: underline;\"><em>R\u00e8glement\u00a0:<\/em><\/span><\/p>\n<p>Cat\u00e9gorie Touring STOCK et MODIFIED\u00a0:<\/p>\n<p>&#8211; Accus\u00a0: Lipo 7.4V avec bo\u00eetier rigide. Sac de charge obligatoire.<\/p>\n<p>&#8211; Carrosserie\u00a0: Berline 4 portes commercialement disponible.<\/p>\n<p>&#8211; Voiture\u00a0:\u00a0 Largeur maxi sans carro = 190 mm<\/p>\n<p>Largeur maxi avec carro = 200 mm<\/p>\n<p>Hauteur mini avec carro = 115 mm<\/p>\n<p>Hauteur de caisse mini = 5 mm<\/p>\n<p>Poids mini avec puce = 1350 g<\/p>\n<p>&#8211; Traitement\u00a0: Seul les traitements non odorants sont autoris\u00e9s.<\/p>\n<p>&#8211; Moteur\u00a0: \u00a0 STOCK\u00a0: Moteur 10.5T (EFRA Spec) + timing 0(Blinky mode)<\/p>\n<p>MODIFIED\u00a0: pas de limite<\/p>\n<p>&#8211; Pneus\u00a0: \u00a0 2 trains fournis et marqu\u00e9s par l\u2019organisateur. Aucune modification structurelle\u00a0n\u2019est permise.<\/p>\n<p>&nbsp;<\/p>\n<p><span style=\"text-decoration: underline;\"><em> Inscriptions\u00a0:<\/em><\/span><\/p>\n<p>Les inscriptions doivent \u00eatre faites via myrcm sur <a href=\"http:\/\/www.myrcm.ch\">www.myrcm.ch<\/a> . Le paiement devra \u00eatre effectu\u00e9 avant la course par paypal\u00a0 sur <a href=\"mailto:mrclongwy@live.fr\">mrclongwy@live.fr<\/a> ou par virement bancaire.<\/p>\n<p>MODIFIED et STOCK\u00a0:\u00a0 65\u20ac avec 2 trains de pneus + 1 billet de tombola + 1 t-shirt.<\/p>\n<p>Plus d\u2019infos sur notre site <a href=\"http:\/\/www.mrc-longwy.fr\">www.mrc-longwy.fr<\/a>, par mail sur <a href=\"mailto:mrclongwy@live.fr\">mrclongwy@live.fr<\/a> ou encore sur notre page Facebook<\/p>\n<p>&nbsp;<\/p>\n<p>&#8212;&#8212;&#8212;&#8212;&#8212;&#8212;&#8212;&#8212;&#8212;&#8212;&#8212;&#8212;&#8212;English Version&#8212;&#8212;&#8212;&#8212;&#8212;&#8212;&#8212;&#8212;&#8212;&#8212;&#8212;&#8212;&#8212;&#8212;&#8212;&#8212;<\/p>\n<p>The MRC Longwy is proud to bring to you the 11th edition of the GP3F, which will be held on the <strong><span style=\"color: #ff0000;\">13th and 14th of December<\/span><\/strong> in Longwy, France (Luxemburger and Belgium border crossroads).<\/p>\n<h4><span style=\"color: #0000ff;\">Registrations will open on <span style=\"color: #ff0000;\">Wednesday,\u00a0November 12th at 8 PM<\/span>\u00a0on the website myrcm.ch<\/span><\/h4>\n<p><span style=\"text-decoration: underline;\"><em>The Race:<\/em><\/span><\/p>\n<p>&#8211; 2 Classes: STOCK &amp; MODIFIED<\/p>\n<p>&#8211; 150 Drivers max<\/p>\n<p>&#8211; 13 runs for each driver (5 practices, 5 qualifications and 3 finals)<\/p>\n<p>&#8211; 600m\u00b2 of high quality carpet with car friendly kerbing.<\/p>\n<p>&#8211; Amaizing hall, with stands and better lighting along with sound system, tables, chairs, electricity and compressed air.<\/p>\n<p>&#8211; Hot meals<\/p>\n<p>&#8211; Great raffle with many prizes offered by our partners.<\/p>\n<p>&nbsp;<\/p>\n<p><span style=\"text-decoration: underline;\"><em>The Hall:<\/em><\/span><\/p>\n<p>Hall L\u00e9on Bassompierre, Rue Albert Legendre, 54400 LONGWY<\/p>\n<p>GPS:\u00a0 Lo: 49.5190788\u00a0\u00a0\u00a0\u00a0\u00a0\u00a0\u00a0\u00a0\u00a0\u00a0\u00a0 La:\u00a0 5.768974699999944<\/p>\n<p>&nbsp;<\/p>\n<p><span style=\"text-decoration: underline;\"><em>Rules:<\/em><\/span><\/p>\n<p>MODIFIED &amp; STOCK CLASS:<\/p>\n<p>&#8211; Batteries: Any hard case 7.4V LiPo battery packs are allowed. LiPo charging bags are mendatory<\/p>\n<p>&#8211; Bodies:\u00a0 190mm 4-door saloon bodies commercially available.<\/p>\n<p>&#8211; Car :\u00a0 Maximum width without body = 190 mm<br \/>\nMaximum width incl. body = 200 mm<br \/>\nMinimum height incl. body = 115 mm<br \/>\nMinimum weight = 1350 grams including personal transponder<\/p>\n<p>Ride height mini = 5 mm<\/p>\n<p>&#8211; Additive: Only odorless additives are allowed<\/p>\n<p>&#8211; Motor:\u00a0 STOCK= 10.5T motor (EFRA Spec). Boost timing ESC are\u00a0 not allowed (blinky mode).<\/p>\n<p>MODIFIED = no limit<\/p>\n<p>-Tires\u00a0:\u00a0 2 full sets of controlled tires included in entry fees. No modification allowed.<\/p>\n<p>&nbsp;<\/p>\n<p><span style=\"text-decoration: underline;\"><em>Registration :<\/em><\/span><\/p>\n<p>Registration on <a href=\"http:\/\/www.myrcm.ch\">www.myrcm.ch<\/a> . Entry fees have to be paid prior to the race by paypal at <a href=\"mailto:mrclongwy@live.fr\">mrclongwy@live.fr<\/a><\/p>\n<p>MODIFIED &amp; STOCK Class :\u00a0\u00a0 65\u20ac including 2 sets of tyres + 1 raffle ticket + 1 t-shirt.<\/p>\n<p>More infos on our website <a href=\"http:\/\/www.mrc-longwy.fr\">www.mrc-longwy.fr<\/a> or by e-mail at <a href=\"mailto:mrclongwy@live.fr\">mrclongwy@live.fr<\/a>.<\/p>\n","protected":false},"excerpt":{"rendered":"<p>&nbsp; Le MRC LONGWY est heureux de vous annoncer la 11\u00e8me \u00e9dition de son Grand Prix des 3 Fronti\u00e8res\u00a0 qui aura lieu les 13&amp;14 D\u00e9cembre 2014\u00a0\u00e0 Longwy (France, fronti\u00e8res Belge et Luxembourgeoise). Les inscriptions ouvriront le mercredi 12 novembre\u00a0pour 20h00 [&hellip;] <a class=\"more-link\" href=\"http:\/\/www.mrc-longwy.fr\/?page_id=44\">&darr; Read the rest of this entry&#8230;<\/a><\/p>\n","protected":false},"author":1,"featured_media":0,"parent":0,"menu_order":0,"comment_status":"closed","ping_status":"open","template":"","meta":{"footnotes":""},"class_list":["post-44","page","type-page","status-publish","hentry","uentry","postonpage-1","odd","post-author-admin"],"_links":{"self":[{"href":"http:\/\/www.mrc-longwy.fr\/index.php?rest_route=\/wp\/v2\/pages\/44","targetHints":{"allow":["GET"]}}],"collection":[{"href":"http:\/\/www.mrc-longwy.fr\/index.php?rest_route=\/wp\/v2\/pages"}],"about":[{"href":"http:\/\/www.mrc-longwy.fr\/index.php?rest_route=\/wp\/v2\/types\/page"}],"author":[{"embeddable":true,"href":"http:\/\/www.mrc-longwy.fr\/index.php?rest_route=\/wp\/v2\/users\/1"}],"replies":[{"embeddable":true,"href":"http:\/\/www.mrc-longwy.fr\/index.php?rest_route=%2Fwp%2Fv2%2Fcomments&post=44"}],"version-history":[{"count":23,"href":"http:\/\/www.mrc-longwy.fr\/index.php?rest_route=\/wp\/v2\/pages\/44\/revisions"}],"predecessor-version":[{"id":1541,"href":"http:\/\/www.mrc-longwy.fr\/index.php?rest_route=\/wp\/v2\/pages\/44\/revisions\/1541"}],"wp:attachment":[{"href":"http:\/\/www.mrc-longwy.fr\/index.php?rest_route=%2Fwp%2Fv2%2Fmedia&parent=44"}],"curies":[{"name":"wp","href":"https:\/\/api.w.org\/{rel}","templated":true}]}}